{"id":7836,"date":"2023-12-28T17:37:09","date_gmt":"2023-12-28T16:37:09","guid":{"rendered":"https:\/\/www.vivaiserratore.it?product=mollar-de-helche"},"modified":"2023-12-29T14:24:52","modified_gmt":"2023-12-29T13:24:52","slug":"mollar-de-helche","status":"publish","type":"product","link":"https:\/\/www.vivaiserratore.it\/en\/prodotto\/mollar-de-helche\/","title":{"rendered":"Mollar de Helche"},"content":{"rendered":"<p>MOLLAR DE ELCHE Punica Granatum. Variet\u00e0 di origine spagnola caratterizzata da frutti di calibro medio \u2013 grande. PIANTA: Vigoria: alta. Produttivit\u00e0: elevata. EPOCA DI RACCOLTA: ottobre. FRUTTO: Calibro: medio grande. Forma: arrotondata. Colorazione: esternamente \u00e8 di colore rosso chiaro con sfumature gialle, internamente \u00e8 rosso chiaro. Caratteristiche gustative: semi molto dolci e piacevoli al palato, resiste bene alle manipolazioni.<\/p>\n","protected":false},"excerpt":{"rendered":"<p>MOLLAR DE ELCHE Punica Granatum. Variet\u00e0 di origine spagnola caratterizzata da frutti di calibro medio \u2013 grande. PIANTA: Vigoria: alta. Produttivit\u00e0: elevata. EPOCA DI RACCOLTA: ottobre. FRUTTO: Calibro: medio grande. Forma: arrotondata. Colorazione: esternamente \u00e8 di colore rosso chiaro con sfumature gialle, internamente \u00e8 rosso chiaro. Caratteristiche gustative: semi molto dolci e piacevoli al palato, [&hellip;]<\/p>\n","protected":false},"featured_media":3690,"template":"","meta":[],"product_cat":[396,412,429],"product_tag":[],"class_list":{"0":"post-7836","1":"product","2":"type-product","3":"status-publish","4":"has-post-thumbnail","6":"product_cat-professional-line","7":"product_cat-fruits-en","8":"product_cat-pomegranate","10":"first","11":"instock","12":"purchasable","13":"product-type-simple"},"_links":{"self":[{"href":"https:\/\/www.vivaiserratore.it\/en\/wp-json\/wp\/v2\/product\/7836","targetHints":{"allow":["GET"]}}],"collection":[{"href":"https:\/\/www.vivaiserratore.it\/en\/wp-json\/wp\/v2\/product"}],"about":[{"href":"https:\/\/www.vivaiserratore.it\/en\/wp-json\/wp\/v2\/types\/product"}],"wp:featuredmedia":[{"embeddable":true,"href":"https:\/\/www.vivaiserratore.it\/en\/wp-json\/wp\/v2\/media\/3690"}],"wp:attachment":[{"href":"https:\/\/www.vivaiserratore.it\/en\/wp-json\/wp\/v2\/media?parent=7836"}],"wp:term":[{"taxonomy":"product_cat","embeddable":true,"href":"https:\/\/www.vivaiserratore.it\/en\/wp-json\/wp\/v2\/product_cat?post=7836"},{"taxonomy":"product_tag","embeddable":true,"href":"https:\/\/www.vivaiserratore.it\/en\/wp-json\/wp\/v2\/product_tag?post=7836"}],"curies":[{"name":"wp","href":"https:\/\/api.w.org\/{rel}","templated":true}]}}